{"id":10,"date":"2022-09-13T16:32:50","date_gmt":"2022-09-13T16:32:50","guid":{"rendered":"http:\/\/135.181.236.253\/?page_id=10"},"modified":"2026-03-25T13:34:17","modified_gmt":"2026-03-25T11:34:17","slug":"cart","status":"publish","type":"page","link":"https:\/\/dev.wp01.rst-steel.fi\/sv\/cart\/","title":{"rendered":"Kundvagn"},"content":{"rendered":"<div data-elementor-type=\"wp-page\" data-elementor-id=\"10\" class=\"elementor elementor-10\" data-elementor-post-type=\"page\">\n\t\t\t\t\t\t<section class=\"elementor-section elementor-top-section elementor-element elementor-element-1b7799a container-xxxl container-xxl container elementor-section-boxed elementor-section-height-default elementor-section-height-default\" data-id=\"1b7799a\" data-element_type=\"section\" data-e-type=\"section\">\n\t\t\t\t\t\t<div class=\"elementor-container elementor-column-gap-default\">\n\t\t\t\t\t<div class=\"elementor-column elementor-col-100 elementor-top-column elementor-element elementor-element-a45fe7e\" data-id=\"a45fe7e\" data-element_type=\"column\" data-e-type=\"column\">\n\t\t\t<div class=\"elementor-widget-wrap elementor-element-populated\">\n\t\t\t\t\t\t<div class=\"elementor-element elementor-element-cd0212e elementor-widget elementor-widget-shortcode\" data-id=\"cd0212e\" data-element_type=\"widget\" data-e-type=\"widget\" data-widget_type=\"shortcode.default\">\n\t\t\t\t<div class=\"elementor-widget-container\">\n\t\t\t\t\t\t\t<div class=\"elementor-shortcode\"><\/div>\n\t\t\t\t\t\t<\/div>\n\t\t\t\t<\/div>\n\t\t\t\t\t<\/div>\n\t\t<\/div>\n\t\t\t\t\t<\/div>\n\t\t<\/section>\n\t\t\t\t<\/div>","protected":false},"excerpt":{"rendered":"","protected":false},"author":4,"featured_media":13948,"parent":0,"menu_order":0,"comment_status":"closed","ping_status":"closed","template":"","meta":{"_improvement_type_select":"improve_an_existing","_thumb_yes_seoaic":false,"_frame_yes_seoaic":false,"seoaic_generate_description":"","seoaic_improve_instructions_prompt":"","seoaic_rollback_content_improvement":"","seoaic_idea_thumbnail_generator":"","thumbnail_generated":false,"thumbnail_generate_prompt":"","seoaic_article_description":"","footnotes":""},"wf_page_folders":[],"class_list":["post-10","page","type-page","status-publish","has-post-thumbnail","hentry"],"yoast_head":"<!-- This site is optimized with the Yoast SEO plugin v27.1.1 - https:\/\/yoast.com\/product\/yoast-seo-wordpress\/ -->\n<title>Shopping Cart - RST-Steel<\/title>\n<meta name=\"robots\" content=\"index, follow, max-snippet:-1, max-image-preview:large, max-video-preview:-1\" \/>\n<link rel=\"canonical\" href=\"https:\/\/dev.wp01.rst-steel.fi\/sv\/cart\/\" \/>\n<meta property=\"og:locale\" content=\"sv_SE\" \/>\n<meta property=\"og:type\" content=\"article\" \/>\n<meta property=\"og:title\" content=\"Shopping Cart - RST-Steel\" \/>\n<meta property=\"og:url\" content=\"https:\/\/dev.wp01.rst-steel.fi\/sv\/cart\/\" \/>\n<meta property=\"og:site_name\" content=\"RST-Steel\" \/>\n<meta property=\"article:modified_time\" content=\"2026-03-25T11:34:17+00:00\" \/>\n<meta property=\"og:image\" content=\"https:\/\/dev.wp01.rst-steel.fi\/wp-content\/uploads\/2022\/11\/rst-steel-Volvo-Ja\u0308rvima\u0308ki.jpg\" \/>\n\t<meta property=\"og:image:width\" content=\"2049\" \/>\n\t<meta property=\"og:image:height\" content=\"1368\" \/>\n\t<meta property=\"og:image:type\" content=\"image\/jpeg\" \/>\n<meta name=\"twitter:card\" content=\"summary_large_image\" \/>\n<script type=\"application\/ld+json\" class=\"yoast-schema-graph\">{\"@context\":\"https:\/\/schema.org\",\"@graph\":[{\"@type\":\"WebPage\",\"@id\":\"https:\/\/dev.wp01.rst-steel.fi\/cart\/\",\"url\":\"https:\/\/dev.wp01.rst-steel.fi\/cart\/\",\"name\":\"Shopping Cart - RST-Steel\",\"isPartOf\":{\"@id\":\"https:\/\/dev.wp01.rst-steel.fi\/#website\"},\"primaryImageOfPage\":{\"@id\":\"https:\/\/dev.wp01.rst-steel.fi\/cart\/#primaryimage\"},\"image\":{\"@id\":\"https:\/\/dev.wp01.rst-steel.fi\/cart\/#primaryimage\"},\"thumbnailUrl\":\"https:\/\/dev.wp01.rst-steel.fi\/wp-content\/uploads\/2022\/11\/rst-steel-Volvo-Ja\u0308rvima\u0308ki.jpg\",\"datePublished\":\"2022-09-13T16:32:50+00:00\",\"dateModified\":\"2026-03-25T11:34:17+00:00\",\"breadcrumb\":{\"@id\":\"https:\/\/dev.wp01.rst-steel.fi\/cart\/#breadcrumb\"},\"inLanguage\":\"sv-SE\",\"potentialAction\":[{\"@type\":\"ReadAction\",\"target\":[\"https:\/\/dev.wp01.rst-steel.fi\/cart\/\"]}]},{\"@type\":\"ImageObject\",\"inLanguage\":\"sv-SE\",\"@id\":\"https:\/\/dev.wp01.rst-steel.fi\/cart\/#primaryimage\",\"url\":\"https:\/\/dev.wp01.rst-steel.fi\/wp-content\/uploads\/2022\/11\/rst-steel-Volvo-Ja\u0308rvima\u0308ki.jpg\",\"contentUrl\":\"https:\/\/dev.wp01.rst-steel.fi\/wp-content\/uploads\/2022\/11\/rst-steel-Volvo-Ja\u0308rvima\u0308ki.jpg\",\"width\":2049,\"height\":1368},{\"@type\":\"BreadcrumbList\",\"@id\":\"https:\/\/dev.wp01.rst-steel.fi\/cart\/#breadcrumb\",\"itemListElement\":[{\"@type\":\"ListItem\",\"position\":1,\"name\":\"Home\",\"item\":\"https:\/\/dev.wp01.rst-steel.fi\/\"},{\"@type\":\"ListItem\",\"position\":2,\"name\":\"Shopping Cart\"}]},{\"@type\":\"WebSite\",\"@id\":\"https:\/\/dev.wp01.rst-steel.fi\/#website\",\"url\":\"https:\/\/dev.wp01.rst-steel.fi\/\",\"name\":\"RST-Steel Oy - Turvallista, tyylik\u00e4st\u00e4, ter\u00e4st\u00e4\",\"description\":\"Finnish quality for discerning drivers\",\"publisher\":{\"@id\":\"https:\/\/dev.wp01.rst-steel.fi\/#organization\"},\"potentialAction\":[{\"@type\":\"SearchAction\",\"target\":{\"@type\":\"EntryPoint\",\"urlTemplate\":\"https:\/\/dev.wp01.rst-steel.fi\/?s={search_term_string}\"},\"query-input\":{\"@type\":\"PropertyValueSpecification\",\"valueRequired\":true,\"valueName\":\"search_term_string\"}}],\"inLanguage\":\"sv-SE\"},{\"@type\":\"Organization\",\"@id\":\"https:\/\/dev.wp01.rst-steel.fi\/#organization\",\"name\":\"RST-Steel Oy\",\"alternateName\":\"RST-Steel Oy - Turvallista, tyylik\u00e4st\u00e4, ter\u00e4st\u00e4\",\"url\":\"https:\/\/dev.wp01.rst-steel.fi\/\",\"logo\":{\"@type\":\"ImageObject\",\"inLanguage\":\"sv-SE\",\"@id\":\"https:\/\/dev.wp01.rst-steel.fi\/#\/schema\/logo\/image\/\",\"url\":\"https:\/\/dev.wp01.rst-steel.fi\/wp-content\/uploads\/2025\/02\/cropped-rst-valkoinen-ilman-taustaa-02.png\",\"contentUrl\":\"https:\/\/dev.wp01.rst-steel.fi\/wp-content\/uploads\/2025\/02\/cropped-rst-valkoinen-ilman-taustaa-02.png\",\"width\":2319,\"height\":690,\"caption\":\"RST-Steel Oy\"},\"image\":{\"@id\":\"https:\/\/dev.wp01.rst-steel.fi\/#\/schema\/logo\/image\/\"}}]}<\/script>\n<!-- \/ Yoast SEO plugin. -->","yoast_head_json":{"title":"Shopping Cart - RST-Steel","robots":{"index":"index","follow":"follow","max-snippet":"max-snippet:-1","max-image-preview":"max-image-preview:large","max-video-preview":"max-video-preview:-1"},"canonical":"https:\/\/dev.wp01.rst-steel.fi\/sv\/cart\/","og_locale":"sv_SE","og_type":"article","og_title":"Shopping Cart - RST-Steel","og_url":"https:\/\/dev.wp01.rst-steel.fi\/sv\/cart\/","og_site_name":"RST-Steel","article_modified_time":"2026-03-25T11:34:17+00:00","og_image":[{"width":2049,"height":1368,"url":"https:\/\/dev.wp01.rst-steel.fi\/wp-content\/uploads\/2022\/11\/rst-steel-Volvo-Ja\u0308rvima\u0308ki.jpg","type":"image\/jpeg"}],"twitter_card":"summary_large_image","schema":{"@context":"https:\/\/schema.org","@graph":[{"@type":"WebPage","@id":"https:\/\/dev.wp01.rst-steel.fi\/cart\/","url":"https:\/\/dev.wp01.rst-steel.fi\/cart\/","name":"Shopping Cart - RST-Steel","isPartOf":{"@id":"https:\/\/dev.wp01.rst-steel.fi\/#website"},"primaryImageOfPage":{"@id":"https:\/\/dev.wp01.rst-steel.fi\/cart\/#primaryimage"},"image":{"@id":"https:\/\/dev.wp01.rst-steel.fi\/cart\/#primaryimage"},"thumbnailUrl":"https:\/\/dev.wp01.rst-steel.fi\/wp-content\/uploads\/2022\/11\/rst-steel-Volvo-Ja\u0308rvima\u0308ki.jpg","datePublished":"2022-09-13T16:32:50+00:00","dateModified":"2026-03-25T11:34:17+00:00","breadcrumb":{"@id":"https:\/\/dev.wp01.rst-steel.fi\/cart\/#breadcrumb"},"inLanguage":"sv-SE","potentialAction":[{"@type":"ReadAction","target":["https:\/\/dev.wp01.rst-steel.fi\/cart\/"]}]},{"@type":"ImageObject","inLanguage":"sv-SE","@id":"https:\/\/dev.wp01.rst-steel.fi\/cart\/#primaryimage","url":"https:\/\/dev.wp01.rst-steel.fi\/wp-content\/uploads\/2022\/11\/rst-steel-Volvo-Ja\u0308rvima\u0308ki.jpg","contentUrl":"https:\/\/dev.wp01.rst-steel.fi\/wp-content\/uploads\/2022\/11\/rst-steel-Volvo-Ja\u0308rvima\u0308ki.jpg","width":2049,"height":1368},{"@type":"BreadcrumbList","@id":"https:\/\/dev.wp01.rst-steel.fi\/cart\/#breadcrumb","itemListElement":[{"@type":"ListItem","position":1,"name":"Home","item":"https:\/\/dev.wp01.rst-steel.fi\/"},{"@type":"ListItem","position":2,"name":"Shopping Cart"}]},{"@type":"WebSite","@id":"https:\/\/dev.wp01.rst-steel.fi\/#website","url":"https:\/\/dev.wp01.rst-steel.fi\/","name":"RST-Steel Oy - Turvallista, tyylik\u00e4st\u00e4, ter\u00e4st\u00e4","description":"Finsk kvalitet f\u00f6r kvalitetsmedvetna f\u00f6rare","publisher":{"@id":"https:\/\/dev.wp01.rst-steel.fi\/#organization"},"potentialAction":[{"@type":"SearchAction","target":{"@type":"EntryPoint","urlTemplate":"https:\/\/dev.wp01.rst-steel.fi\/?s={search_term_string}"},"query-input":{"@type":"PropertyValueSpecification","valueRequired":true,"valueName":"search_term_string"}}],"inLanguage":"sv-SE"},{"@type":"Organization","@id":"https:\/\/dev.wp01.rst-steel.fi\/#organization","name":"Hantera alternativ","alternateName":"RST-Steel Oy - Turvallista, tyylik\u00e4st\u00e4, ter\u00e4st\u00e4","url":"https:\/\/dev.wp01.rst-steel.fi\/","logo":{"@type":"ImageObject","inLanguage":"sv-SE","@id":"https:\/\/dev.wp01.rst-steel.fi\/#\/schema\/logo\/image\/","url":"https:\/\/dev.wp01.rst-steel.fi\/wp-content\/uploads\/2025\/02\/cropped-rst-valkoinen-ilman-taustaa-02.png","contentUrl":"https:\/\/dev.wp01.rst-steel.fi\/wp-content\/uploads\/2025\/02\/cropped-rst-valkoinen-ilman-taustaa-02.png","width":2319,"height":690,"caption":"RST-Steel Oy"},"image":{"@id":"https:\/\/dev.wp01.rst-steel.fi\/#\/schema\/logo\/image\/"}}]}},"_links":{"self":[{"href":"https:\/\/dev.wp01.rst-steel.fi\/sv\/wp-json\/wp\/v2\/pages\/10","targetHints":{"allow":["GET"]}}],"collection":[{"href":"https:\/\/dev.wp01.rst-steel.fi\/sv\/wp-json\/wp\/v2\/pages"}],"about":[{"href":"https:\/\/dev.wp01.rst-steel.fi\/sv\/wp-json\/wp\/v2\/types\/page"}],"author":[{"embeddable":true,"href":"https:\/\/dev.wp01.rst-steel.fi\/sv\/wp-json\/wp\/v2\/users\/4"}],"replies":[{"embeddable":true,"href":"https:\/\/dev.wp01.rst-steel.fi\/sv\/wp-json\/wp\/v2\/comments?post=10"}],"version-history":[{"count":1,"href":"https:\/\/dev.wp01.rst-steel.fi\/sv\/wp-json\/wp\/v2\/pages\/10\/revisions"}],"predecessor-version":[{"id":195610,"href":"https:\/\/dev.wp01.rst-steel.fi\/sv\/wp-json\/wp\/v2\/pages\/10\/revisions\/195610"}],"wp:featuredmedia":[{"embeddable":true,"href":"https:\/\/dev.wp01.rst-steel.fi\/sv\/wp-json\/wp\/v2\/media\/13948"}],"wp:attachment":[{"href":"https:\/\/dev.wp01.rst-steel.fi\/sv\/wp-json\/wp\/v2\/media?parent=10"}],"wp:term":[{"taxonomy":"wf_page_folders","embeddable":true,"href":"https:\/\/dev.wp01.rst-steel.fi\/sv\/wp-json\/wp\/v2\/wf_page_folders?post=10"}],"curies":[{"name":"wp","href":"https:\/\/api.w.org\/{rel}","templated":true}]}}