{"id":198146,"date":"2025-09-05T12:17:48","date_gmt":"2025-09-05T09:17:48","guid":{"rendered":"https:\/\/dev.wp01.rst-steel.fi\/product-category\/uncategorized\/ozz-xr2-p7-led-auxiliary-light\/"},"modified":"2026-03-16T09:17:46","modified_gmt":"2026-03-16T06:17:46","slug":"ozz-xr2-p7-led-auxiliary-light","status":"publish","type":"product","link":"https:\/\/dev.wp01.rst-steel.fi\/sv\/produkt-kategori\/lighting\/auxiliary-lights\/ozz-xr2-p7-led-auxiliary-light\/","title":{"rendered":"OZZ XR2 P7&#8243; LED auxiliary light"},"content":{"rendered":"<p><span style=\"font-weight: bold\">OZZ XR2 P7\u201d<\/span> LED Auxiliary Light<\/p>\n<ul>\n<li>\n<\/li>\n<\/ul>\n<p>Experience superior illumination and enhanced driving safety with this auxiliary light, equipped with an advanced dynamic position light. The light offers a selectable amber or white position light, adapting to different driving conditions and needs.<\/p>\n<ul>\n<li>\n<\/li>\n<\/ul>\n<p>The 5000K color temperature ensures bright and comfortable lighting, providing excellent visibility in all situations. The light delivers 80W of power with a measured output of 5,800 lumens, offering exceptional brightness. Its beam range at 1 lux reaches up to 470 meters.<\/p>\n<ul>\n<li>\n<\/li>\n<\/ul>\n<p>Designed for durability, the light features a 4-pin DT connector for quick and reliable installation. This auxiliary light is the perfect choice for anyone seeking a high-quality, long-lasting lighting solution.<\/p>\n<ul>\n<li>\n<\/li>\n<\/ul>\n<p><span style=\"font-weight: bold\">Tekniska specifikationer<\/span><\/p>\n<ul>\n<li>Power: 80W<\/li>\n<li>&nbsp;5,800 lm<\/li>\n<li>Color temperature: 5000K<\/li>\n<li>Ref: 50<\/li>\n<li>Beam range (1 lux): 470 m<\/li>\n<li>Diameter: 178 mm<\/li>\n<li>Weight: 2 kg<\/li>\n<li>IP rating: IP69K<\/li>\n<li>Approvals: ECE R10, ECE R7, ECE R112<\/li>\n<\/ul>","protected":false},"excerpt":{"rendered":"<p>OZZ XR2 P7\u201d LED light \u2013 powerful 80W auxiliary light with 5,800 lm output<\/p>","protected":false},"featured_media":198147,"template":"","meta":{"_improvement_type_select":"improve_an_existing","_thumb_yes_seoaic":false,"_frame_yes_seoaic":false,"seoaic_generate_description":"","seoaic_improve_instructions_prompt":"","seoaic_rollback_content_improvement":"","seoaic_idea_thumbnail_generator":"","thumbnail_generated":false,"thumbnail_generate_prompt":"","seoaic_article_description":""},"make_year":[],"make_brand":[],"make_model":[],"make_fuel_type":[],"product_brand":[9449],"product_cat":[10604],"product_tag":[11377,12182],"class_list":{"0":"post-198146","1":"product","2":"type-product","3":"status-publish","4":"has-post-thumbnail","6":"product_brand-brand_ozz","7":"product_cat-auxiliary-lights","8":"product_tag-auxiliary-light","9":"product_tag-ozz","11":"first","12":"instock","13":"taxable","14":"shipping-taxable","15":"purchasable","16":"product-type-variable"},"yoast_head":"<!-- This site is optimized with the Yoast SEO plugin v27.1.1 - https:\/\/yoast.com\/product\/yoast-seo-wordpress\/ -->\n<title>OZZ XR2 P7&quot; LED auxiliary light - RST-Steel<\/title>\n<meta name=\"description\" content=\"OZZ XR2 P7\u201d LED auxiliary light \u2013 80W, 5,800 lm, selectable white\/amber dynamic position light, 470 m beam range, IP69K, durable and reliable.\" \/>\n<meta name=\"robots\" content=\"index, follow, max-snippet:-1, max-image-preview:large, max-video-preview:-1\" \/>\n<link rel=\"canonical\" href=\"https:\/\/dev.wp01.rst-steel.fi\/sv\/produkt-kategori\/lighting\/auxiliary-lights\/ozz-xr2-p7-led-auxiliary-light\/\" \/>\n<meta property=\"og:locale\" content=\"sv_SE\" \/>\n<meta property=\"og:type\" content=\"article\" \/>\n<meta property=\"og:title\" content=\"OZZ XR2 P7&quot; LED auxiliary light - RST-Steel\" \/>\n<meta property=\"og:description\" content=\"OZZ XR2 P7\u201d LED auxiliary light \u2013 80W, 5,800 lm, selectable white\/amber dynamic position light, 470 m beam range, IP69K, durable and reliable.\" \/>\n<meta property=\"og:url\" content=\"https:\/\/dev.wp01.rst-steel.fi\/sv\/produkt-kategori\/lighting\/auxiliary-lights\/ozz-xr2-p7-led-auxiliary-light\/\" \/>\n<meta property=\"og:site_name\" content=\"RST-Steel\" \/>\n<meta property=\"article:modified_time\" content=\"2026-03-16T06:17:46+00:00\" \/>\n<meta property=\"og:image\" content=\"https:\/\/dev.wp01.rst-steel.fi\/wp-content\/uploads\/2026\/04\/91af504b8e1df9f9d8c4b9d2c4f45a78b7a466f6_Lis__valo_OZZ_88103__1_.jpg\" \/>\n\t<meta property=\"og:image:width\" content=\"600\" \/>\n\t<meta property=\"og:image:height\" content=\"600\" \/>\n\t<meta property=\"og:image:type\" content=\"image\/jpeg\" \/>\n<meta name=\"twitter:card\" content=\"summary_large_image\" \/>\n<meta name=\"twitter:label1\" content=\"Ber\u00e4knad l\u00e4stid\" \/>\n\t<meta name=\"twitter:data1\" content=\"1 minut\" \/>\n<script type=\"application\/ld+json\" class=\"yoast-schema-graph\">{\"@context\":\"https:\/\/schema.org\",\"@graph\":[{\"@type\":\"WebPage\",\"@id\":\"https:\/\/dev.wp01.rst-steel.fi\/product-category\/lighting\/auxiliary-lights\/ozz-xr2-p7-led-auxiliary-light\/\",\"url\":\"https:\/\/dev.wp01.rst-steel.fi\/product-category\/lighting\/auxiliary-lights\/ozz-xr2-p7-led-auxiliary-light\/\",\"name\":\"OZZ XR2 P7\\\" LED auxiliary light - RST-Steel\",\"isPartOf\":{\"@id\":\"https:\/\/dev.wp01.rst-steel.fi\/#website\"},\"primaryImageOfPage\":{\"@id\":\"https:\/\/dev.wp01.rst-steel.fi\/product-category\/lighting\/auxiliary-lights\/ozz-xr2-p7-led-auxiliary-light\/#primaryimage\"},\"image\":{\"@id\":\"https:\/\/dev.wp01.rst-steel.fi\/product-category\/lighting\/auxiliary-lights\/ozz-xr2-p7-led-auxiliary-light\/#primaryimage\"},\"thumbnailUrl\":\"https:\/\/dev.wp01.rst-steel.fi\/wp-content\/uploads\/2026\/04\/91af504b8e1df9f9d8c4b9d2c4f45a78b7a466f6_Lis__valo_OZZ_88103__1_.jpg\",\"datePublished\":\"2025-09-05T09:17:48+00:00\",\"dateModified\":\"2026-03-16T06:17:46+00:00\",\"description\":\"OZZ XR2 P7\u201d LED auxiliary light \u2013 80W, 5,800 lm, selectable white\/amber dynamic position light, 470 m beam range, IP69K, durable and reliable.\",\"breadcrumb\":{\"@id\":\"https:\/\/dev.wp01.rst-steel.fi\/product-category\/lighting\/auxiliary-lights\/ozz-xr2-p7-led-auxiliary-light\/#breadcrumb\"},\"inLanguage\":\"sv-SE\",\"potentialAction\":[{\"@type\":\"ReadAction\",\"target\":[\"https:\/\/dev.wp01.rst-steel.fi\/product-category\/lighting\/auxiliary-lights\/ozz-xr2-p7-led-auxiliary-light\/\"]}]},{\"@type\":\"ImageObject\",\"inLanguage\":\"sv-SE\",\"@id\":\"https:\/\/dev.wp01.rst-steel.fi\/product-category\/lighting\/auxiliary-lights\/ozz-xr2-p7-led-auxiliary-light\/#primaryimage\",\"url\":\"https:\/\/dev.wp01.rst-steel.fi\/wp-content\/uploads\/2026\/04\/91af504b8e1df9f9d8c4b9d2c4f45a78b7a466f6_Lis__valo_OZZ_88103__1_.jpg\",\"contentUrl\":\"https:\/\/dev.wp01.rst-steel.fi\/wp-content\/uploads\/2026\/04\/91af504b8e1df9f9d8c4b9d2c4f45a78b7a466f6_Lis__valo_OZZ_88103__1_.jpg\",\"width\":600,\"height\":600,\"caption\":\"Driving Light OZZ XR2 P7\\\"\"},{\"@type\":\"BreadcrumbList\",\"@id\":\"https:\/\/dev.wp01.rst-steel.fi\/product-category\/lighting\/auxiliary-lights\/ozz-xr2-p7-led-auxiliary-light\/#breadcrumb\",\"itemListElement\":[{\"@type\":\"ListItem\",\"position\":1,\"name\":\"Home\",\"item\":\"https:\/\/dev.wp01.rst-steel.fi\/\"},{\"@type\":\"ListItem\",\"position\":2,\"name\":\"RST-Steel Verkkokauppa\",\"item\":\"https:\/\/dev.wp01.rst-steel.fi\/shop\/\"},{\"@type\":\"ListItem\",\"position\":3,\"name\":\"OZZ XR2 P7&#8243; LED auxiliary light\"}]},{\"@type\":\"WebSite\",\"@id\":\"https:\/\/dev.wp01.rst-steel.fi\/#website\",\"url\":\"https:\/\/dev.wp01.rst-steel.fi\/\",\"name\":\"RST-Steel Oy - Turvallista, tyylik\u00e4st\u00e4, ter\u00e4st\u00e4\",\"description\":\"Finnish quality for discerning drivers\",\"publisher\":{\"@id\":\"https:\/\/dev.wp01.rst-steel.fi\/#organization\"},\"potentialAction\":[{\"@type\":\"SearchAction\",\"target\":{\"@type\":\"EntryPoint\",\"urlTemplate\":\"https:\/\/dev.wp01.rst-steel.fi\/?s={search_term_string}\"},\"query-input\":{\"@type\":\"PropertyValueSpecification\",\"valueRequired\":true,\"valueName\":\"search_term_string\"}}],\"inLanguage\":\"sv-SE\"},{\"@type\":\"Organization\",\"@id\":\"https:\/\/dev.wp01.rst-steel.fi\/#organization\",\"name\":\"RST-Steel Oy\",\"alternateName\":\"RST-Steel Oy - Turvallista, tyylik\u00e4st\u00e4, ter\u00e4st\u00e4\",\"url\":\"https:\/\/dev.wp01.rst-steel.fi\/\",\"logo\":{\"@type\":\"ImageObject\",\"inLanguage\":\"sv-SE\",\"@id\":\"https:\/\/dev.wp01.rst-steel.fi\/#\/schema\/logo\/image\/\",\"url\":\"https:\/\/dev.wp01.rst-steel.fi\/wp-content\/uploads\/2025\/02\/cropped-rst-valkoinen-ilman-taustaa-02.png\",\"contentUrl\":\"https:\/\/dev.wp01.rst-steel.fi\/wp-content\/uploads\/2025\/02\/cropped-rst-valkoinen-ilman-taustaa-02.png\",\"width\":2319,\"height\":690,\"caption\":\"RST-Steel Oy\"},\"image\":{\"@id\":\"https:\/\/dev.wp01.rst-steel.fi\/#\/schema\/logo\/image\/\"}}]}<\/script>\n<!-- \/ Yoast SEO plugin. -->","yoast_head_json":{"title":"OZZ XR2 P7\" LED auxiliary light - RST-Steel","description":"OZZ XR2 P7\u201d LED auxiliary light \u2013 80W, 5,800 lm, selectable white\/amber dynamic position light, 470 m beam range, IP69K, durable and reliable.","robots":{"index":"index","follow":"follow","max-snippet":"max-snippet:-1","max-image-preview":"max-image-preview:large","max-video-preview":"max-video-preview:-1"},"canonical":"https:\/\/dev.wp01.rst-steel.fi\/sv\/produkt-kategori\/lighting\/auxiliary-lights\/ozz-xr2-p7-led-auxiliary-light\/","og_locale":"sv_SE","og_type":"article","og_title":"OZZ XR2 P7\" LED auxiliary light - RST-Steel","og_description":"OZZ XR2 P7\u201d LED auxiliary light \u2013 80W, 5,800 lm, selectable white\/amber dynamic position light, 470 m beam range, IP69K, durable and reliable.","og_url":"https:\/\/dev.wp01.rst-steel.fi\/sv\/produkt-kategori\/lighting\/auxiliary-lights\/ozz-xr2-p7-led-auxiliary-light\/","og_site_name":"RST-Steel","article_modified_time":"2026-03-16T06:17:46+00:00","og_image":[{"width":600,"height":600,"url":"https:\/\/dev.wp01.rst-steel.fi\/wp-content\/uploads\/2026\/04\/91af504b8e1df9f9d8c4b9d2c4f45a78b7a466f6_Lis__valo_OZZ_88103__1_.jpg","type":"image\/jpeg"}],"twitter_card":"summary_large_image","twitter_misc":{"Ber\u00e4knad l\u00e4stid":"1 minut"},"schema":{"@context":"https:\/\/schema.org","@graph":[{"@type":"WebPage","@id":"https:\/\/dev.wp01.rst-steel.fi\/product-category\/lighting\/auxiliary-lights\/ozz-xr2-p7-led-auxiliary-light\/","url":"https:\/\/dev.wp01.rst-steel.fi\/product-category\/lighting\/auxiliary-lights\/ozz-xr2-p7-led-auxiliary-light\/","name":"OZZ XR2 P7\" LED auxiliary light - RST-Steel","isPartOf":{"@id":"https:\/\/dev.wp01.rst-steel.fi\/#website"},"primaryImageOfPage":{"@id":"https:\/\/dev.wp01.rst-steel.fi\/product-category\/lighting\/auxiliary-lights\/ozz-xr2-p7-led-auxiliary-light\/#primaryimage"},"image":{"@id":"https:\/\/dev.wp01.rst-steel.fi\/product-category\/lighting\/auxiliary-lights\/ozz-xr2-p7-led-auxiliary-light\/#primaryimage"},"thumbnailUrl":"https:\/\/dev.wp01.rst-steel.fi\/wp-content\/uploads\/2026\/04\/91af504b8e1df9f9d8c4b9d2c4f45a78b7a466f6_Lis__valo_OZZ_88103__1_.jpg","datePublished":"2025-09-05T09:17:48+00:00","dateModified":"2026-03-16T06:17:46+00:00","description":"OZZ XR2 P7\u201d LED auxiliary light \u2013 80W, 5,800 lm, selectable white\/amber dynamic position light, 470 m beam range, IP69K, durable and reliable.","breadcrumb":{"@id":"https:\/\/dev.wp01.rst-steel.fi\/product-category\/lighting\/auxiliary-lights\/ozz-xr2-p7-led-auxiliary-light\/#breadcrumb"},"inLanguage":"sv-SE","potentialAction":[{"@type":"ReadAction","target":["https:\/\/dev.wp01.rst-steel.fi\/product-category\/lighting\/auxiliary-lights\/ozz-xr2-p7-led-auxiliary-light\/"]}]},{"@type":"ImageObject","inLanguage":"sv-SE","@id":"https:\/\/dev.wp01.rst-steel.fi\/product-category\/lighting\/auxiliary-lights\/ozz-xr2-p7-led-auxiliary-light\/#primaryimage","url":"https:\/\/dev.wp01.rst-steel.fi\/wp-content\/uploads\/2026\/04\/91af504b8e1df9f9d8c4b9d2c4f45a78b7a466f6_Lis__valo_OZZ_88103__1_.jpg","contentUrl":"https:\/\/dev.wp01.rst-steel.fi\/wp-content\/uploads\/2026\/04\/91af504b8e1df9f9d8c4b9d2c4f45a78b7a466f6_Lis__valo_OZZ_88103__1_.jpg","width":600,"height":600,"caption":"Driving Light OZZ XR2 P7\""},{"@type":"BreadcrumbList","@id":"https:\/\/dev.wp01.rst-steel.fi\/product-category\/lighting\/auxiliary-lights\/ozz-xr2-p7-led-auxiliary-light\/#breadcrumb","itemListElement":[{"@type":"ListItem","position":1,"name":"Home","item":"https:\/\/dev.wp01.rst-steel.fi\/"},{"@type":"ListItem","position":2,"name":"RST-Steel Verkkokauppa","item":"https:\/\/dev.wp01.rst-steel.fi\/shop\/"},{"@type":"ListItem","position":3,"name":"OZZ XR2 P7&#8243; LED auxiliary light"}]},{"@type":"WebSite","@id":"https:\/\/dev.wp01.rst-steel.fi\/#website","url":"https:\/\/dev.wp01.rst-steel.fi\/","name":"RST-Steel Oy - Turvallista, tyylik\u00e4st\u00e4, ter\u00e4st\u00e4","description":"Finsk kvalitet f\u00f6r kvalitetsmedvetna f\u00f6rare","publisher":{"@id":"https:\/\/dev.wp01.rst-steel.fi\/#organization"},"potentialAction":[{"@type":"SearchAction","target":{"@type":"EntryPoint","urlTemplate":"https:\/\/dev.wp01.rst-steel.fi\/?s={search_term_string}"},"query-input":{"@type":"PropertyValueSpecification","valueRequired":true,"valueName":"search_term_string"}}],"inLanguage":"sv-SE"},{"@type":"Organization","@id":"https:\/\/dev.wp01.rst-steel.fi\/#organization","name":"Hantera alternativ","alternateName":"RST-Steel Oy - Turvallista, tyylik\u00e4st\u00e4, ter\u00e4st\u00e4","url":"https:\/\/dev.wp01.rst-steel.fi\/","logo":{"@type":"ImageObject","inLanguage":"sv-SE","@id":"https:\/\/dev.wp01.rst-steel.fi\/#\/schema\/logo\/image\/","url":"https:\/\/dev.wp01.rst-steel.fi\/wp-content\/uploads\/2025\/02\/cropped-rst-valkoinen-ilman-taustaa-02.png","contentUrl":"https:\/\/dev.wp01.rst-steel.fi\/wp-content\/uploads\/2025\/02\/cropped-rst-valkoinen-ilman-taustaa-02.png","width":2319,"height":690,"caption":"RST-Steel Oy"},"image":{"@id":"https:\/\/dev.wp01.rst-steel.fi\/#\/schema\/logo\/image\/"}}]}},"_links":{"self":[{"href":"https:\/\/dev.wp01.rst-steel.fi\/sv\/wp-json\/wp\/v2\/product\/198146","targetHints":{"allow":["GET"]}}],"collection":[{"href":"https:\/\/dev.wp01.rst-steel.fi\/sv\/wp-json\/wp\/v2\/product"}],"about":[{"href":"https:\/\/dev.wp01.rst-steel.fi\/sv\/wp-json\/wp\/v2\/types\/product"}],"version-history":[{"count":0,"href":"https:\/\/dev.wp01.rst-steel.fi\/sv\/wp-json\/wp\/v2\/product\/198146\/revisions"}],"wp:featuredmedia":[{"embeddable":true,"href":"https:\/\/dev.wp01.rst-steel.fi\/sv\/wp-json\/wp\/v2\/media\/198147"}],"wp:attachment":[{"href":"https:\/\/dev.wp01.rst-steel.fi\/sv\/wp-json\/wp\/v2\/media?parent=198146"}],"wp:term":[{"taxonomy":"make_year","embeddable":true,"href":"https:\/\/dev.wp01.rst-steel.fi\/sv\/wp-json\/wp\/v2\/make_year?post=198146"},{"taxonomy":"make_brand","embeddable":true,"href":"https:\/\/dev.wp01.rst-steel.fi\/sv\/wp-json\/wp\/v2\/make_brand?post=198146"},{"taxonomy":"make_model","embeddable":true,"href":"https:\/\/dev.wp01.rst-steel.fi\/sv\/wp-json\/wp\/v2\/make_model?post=198146"},{"taxonomy":"make_fuel_type","embeddable":true,"href":"https:\/\/dev.wp01.rst-steel.fi\/sv\/wp-json\/wp\/v2\/make_fuel_type?post=198146"},{"taxonomy":"product_brand","embeddable":true,"href":"https:\/\/dev.wp01.rst-steel.fi\/sv\/wp-json\/wp\/v2\/product_brand?post=198146"},{"taxonomy":"product_cat","embeddable":true,"href":"https:\/\/dev.wp01.rst-steel.fi\/sv\/wp-json\/wp\/v2\/product_cat?post=198146"},{"taxonomy":"product_tag","embeddable":true,"href":"https:\/\/dev.wp01.rst-steel.fi\/sv\/wp-json\/wp\/v2\/product_tag?post=198146"}],"curies":[{"name":"wp","href":"https:\/\/api.w.org\/{rel}","templated":true}]}}